{"id":454,"date":"2023-09-24T15:16:50","date_gmt":"2023-09-24T13:16:50","guid":{"rendered":"https:\/\/www.lachapelle.eu\/boutique\/?page_id=454"},"modified":"2025-03-23T21:45:50","modified_gmt":"2025-03-23T20:45:50","slug":"merci-pour-votre-paiement","status":"publish","type":"page","link":"https:\/\/www.lachapelle.eu\/boutique\/merci-pour-votre-paiement\/","title":{"rendered":"Merci pour votre paiement !"},"content":{"rendered":"\n<p>Vous pouvez cliquer sur le <a href=\"https:\/\/book.stripe.com\/14k7sEetkfgX3a8fYZ\"> CB<\/a> pour entrer votre paiement directement ou choisir les options si dessous.<\/p>\n\n\n\n<figure class=\"wp-block-gallery has-nested-images columns-default wp-block-gallery-1 is-layout-flex wp-block-gallery-is-layout-flex\">\n<figure class=\"wp-block-image size-full\"><a href=\"https:\/\/paypal.me\/lachapelle22150?country.x=FR&amp;locale.x=fr_FR\"><img loading=\"lazy\" decoding=\"async\" width=\"510\" height=\"231\" data-id=\"489\" src=\"https:\/\/www.lachapelle.eu\/boutique\/wp-content\/uploads\/2023\/09\/pmt_orig.png\" alt=\"\" class=\"wp-image-489\" srcset=\"https:\/\/www.lachapelle.eu\/boutique\/wp-content\/uploads\/2023\/09\/pmt_orig.png 510w, https:\/\/www.lachapelle.eu\/boutique\/wp-content\/uploads\/2023\/09\/pmt_orig-300x136.png 300w, https:\/\/www.lachapelle.eu\/boutique\/wp-content\/uploads\/2023\/09\/pmt_orig-132x60.png 132w\" sizes=\"auto, (max-width: 510px) 100vw, 510px\" \/><\/a><\/figure>\n\n\n\n<figure class=\"wp-block-image size-full\"><a href=\"https:\/\/book.stripe.com\/14k7sEetkfgX3a8fYZ\"><img loading=\"lazy\" decoding=\"async\" width=\"1391\" height=\"992\" data-id=\"459\" src=\"https:\/\/www.lachapelle.eu\/boutique\/wp-content\/uploads\/2023\/09\/1-CB.jpg\" alt=\"\" class=\"wp-image-459\" srcset=\"https:\/\/www.lachapelle.eu\/boutique\/wp-content\/uploads\/2023\/09\/1-CB.jpg 1391w, https:\/\/www.lachapelle.eu\/boutique\/wp-content\/uploads\/2023\/09\/1-CB-300x214.jpg 300w, https:\/\/www.lachapelle.eu\/boutique\/wp-content\/uploads\/2023\/09\/1-CB-1024x730.jpg 1024w, https:\/\/www.lachapelle.eu\/boutique\/wp-content\/uploads\/2023\/09\/1-CB-768x548.jpg 768w, https:\/\/www.lachapelle.eu\/boutique\/wp-content\/uploads\/2023\/09\/1-CB-84x60.jpg 84w\" sizes=\"auto, (max-width: 1391px) 100vw, 1391px\" \/><\/a><\/figure>\n\n\n\n<figure class=\"wp-block-image size-full\"><a href=\"https:\/\/revolut.me\/colett1lnp\"><img loading=\"lazy\" decoding=\"async\" width=\"200\" height=\"200\" data-id=\"4123\" src=\"https:\/\/www.lachapelle.eu\/boutique\/wp-content\/uploads\/2025\/03\/revolut_pay.png\" alt=\"\" class=\"wp-image-4123\" srcset=\"https:\/\/www.lachapelle.eu\/boutique\/wp-content\/uploads\/2025\/03\/revolut_pay.png 200w, https:\/\/www.lachapelle.eu\/boutique\/wp-content\/uploads\/2025\/03\/revolut_pay-150x150.png 150w, https:\/\/www.lachapelle.eu\/boutique\/wp-content\/uploads\/2025\/03\/revolut_pay-60x60.png 60w\" sizes=\"auto, (max-width: 200px) 100vw, 200px\" \/><\/a><\/figure>\n<\/figure>\n\n\n\n<script async src=\"https:\/\/js.stripe.com\/v3\/pricing-table.js\"><\/script>\n<stripe-pricing-table pricing-table-id=\"prctbl_1QyJ78GmsrQ4UFtJUwIdfJKi\"\npublishable-key=\"pk_live_51JxfOzGmsrQ4UFtJvAyen437HMcXMu6JwDRrdAsYKxQ3AfZKliAWkvcuDXwZ1CCDiXBhgmPpqVdLXbUvG14yPX6y00NqEWrIcO\">\n<\/stripe-pricing-table>\n\n\n<style>#wprev-slider-1 .wprev_showdate_T1 {display: none;}#wprev-slider-1 .wprev_preview_bradius_T1 {border-radius: 0px;}#wprev-slider-1 .wprev_preview_bg1_T1::after{ border-top: 30px solid ; }<\/style><div class=\"wprev-slider\" id=\"wprev-slider-1\"><ul><li>\t\t<div class=\"wpairbnb_t1_outer_div w3_wprs-row-padding\">\r\n\t\t\t\t<div class=\"wpairbnb_t1_DIV_1 w3_wprs-col l4\">\r\n\t\t\t<div class=\"wpairbnb_t1_DIV_2 wprev_preview_bg1_T1 wprev_preview_bradius_T1\">\r\n\t\t\t\t<p class=\"wpairbnb_t1_P_3 wprev_preview_tcolor1_T1\">\r\n\t\t\t\t\t<span class=\"wpairbnb_star_imgs_T1\"><img decoding=\"async\" src=\"https:\/\/www.lachapelle.eu\/boutique\/wp-content\/plugins\/wp-airbnb-review-slider\/public\/partials\/imgs\/stars_5_yellow.png\" alt=\"\" class=\"wpairbnb_t1_star_img_file\">&nbsp;&nbsp;<\/span>Vous cherchez un endroit paisible, typique\u2026 alors chez Colette !\t\t\t\t<\/p>\r\n\t\t\t\t<a href=\"https:\/\/www.airbnb.fr\/rooms\/797901234829540892\" target=\"_blank\" rel=\"nofollow\"><img decoding=\"async\" src=\"https:\/\/www.lachapelle.eu\/boutique\/wp-content\/plugins\/wp-airbnb-review-slider\/public\/partials\/imgs\/airbnb_outline.png\" alt=\"\" class=\"wpairbnb_t1_airbnb_logo\"><\/a>\t\t\t<\/div><span class=\"wpairbnb_t1_A_8\"><img decoding=\"async\" src=\"https:\/\/a0.muscache.com\/defaults\/user_pic-225x225.png?v=3\" alt=\"thumb\" class=\"wpairbnb_t1_IMG_4\" loading=\"lazy\" \/><\/span> <span class=\"wpairbnb_t1_SPAN_5 wprev_preview_tcolor2_T1\">Nicolas<br\/><span class=\"wprev_showdate_T1\">6\/15\/2025<\/span> <\/span>\r\n\t\t<\/div>\r\n\t\t\t<div class=\"wpairbnb_t1_DIV_1 w3_wprs-col l4\">\r\n\t\t\t<div class=\"wpairbnb_t1_DIV_2 wprev_preview_bg1_T1 wprev_preview_bradius_T1\">\r\n\t\t\t\t<p class=\"wpairbnb_t1_P_3 wprev_preview_tcolor1_T1\">\r\n\t\t\t\t\t<span class=\"wpairbnb_star_imgs_T1\"><img decoding=\"async\" src=\"https:\/\/www.lachapelle.eu\/boutique\/wp-content\/plugins\/wp-airbnb-review-slider\/public\/partials\/imgs\/stars_5_yellow.png\" alt=\"\" class=\"wpairbnb_t1_star_img_file\">&nbsp;&nbsp;<\/span>tr\u00e8s bon accueil chaleureux de Colette.<br \/>\nc'\u00e9tait au top. on recommande.<br \/>\npetit village \u00e0 visiter.\t\t\t\t<\/p>\r\n\t\t\t\t<a href=\"https:\/\/www.airbnb.fr\/rooms\/797901234829540892\" target=\"_blank\" rel=\"nofollow\"><img decoding=\"async\" src=\"https:\/\/www.lachapelle.eu\/boutique\/wp-content\/plugins\/wp-airbnb-review-slider\/public\/partials\/imgs\/airbnb_outline.png\" alt=\"\" class=\"wpairbnb_t1_airbnb_logo\"><\/a>\t\t\t<\/div><span class=\"wpairbnb_t1_A_8\"><img decoding=\"async\" src=\"https:\/\/a0.muscache.com\/im\/pictures\/user\/648b9a43-2d53-48a1-9ca1-002dbf26a5d0.jpg?aki_policy=profile_x_medium\" alt=\"thumb\" class=\"wpairbnb_t1_IMG_4\" loading=\"lazy\" \/><\/span> <span class=\"wpairbnb_t1_SPAN_5 wprev_preview_tcolor2_T1\">Marc<br\/><span class=\"wprev_showdate_T1\">6\/14\/2025<\/span> <\/span>\r\n\t\t<\/div>\r\n\t\t\t<div class=\"wpairbnb_t1_DIV_1 w3_wprs-col l4\">\r\n\t\t\t<div class=\"wpairbnb_t1_DIV_2 wprev_preview_bg1_T1 wprev_preview_bradius_T1\">\r\n\t\t\t\t<p class=\"wpairbnb_t1_P_3 wprev_preview_tcolor1_T1\">\r\n\t\t\t\t\t<span class=\"wpairbnb_star_imgs_T1\"><img decoding=\"async\" src=\"https:\/\/www.lachapelle.eu\/boutique\/wp-content\/plugins\/wp-airbnb-review-slider\/public\/partials\/imgs\/stars_5_yellow.png\" alt=\"\" class=\"wpairbnb_t1_star_img_file\">&nbsp;&nbsp;<\/span>Colette est accueillante et flexible. <br \/>\nLe studio est pratique et propre.\t\t\t\t<\/p>\r\n\t\t\t\t<a href=\"https:\/\/www.airbnb.fr\/rooms\/797901234829540892\" target=\"_blank\" rel=\"nofollow\"><img decoding=\"async\" src=\"https:\/\/www.lachapelle.eu\/boutique\/wp-content\/plugins\/wp-airbnb-review-slider\/public\/partials\/imgs\/airbnb_outline.png\" alt=\"\" class=\"wpairbnb_t1_airbnb_logo\"><\/a>\t\t\t<\/div><span class=\"wpairbnb_t1_A_8\"><img decoding=\"async\" src=\"https:\/\/a0.muscache.com\/im\/pictures\/user\/User\/original\/52d4bcd0-0dd4-4579-b5a4-6fb10df048d6.jpeg?aki_policy=profile_x_medium\" alt=\"thumb\" class=\"wpairbnb_t1_IMG_4\" loading=\"lazy\" \/><\/span> <span class=\"wpairbnb_t1_SPAN_5 wprev_preview_tcolor2_T1\">Jean-Christophe<br\/><span class=\"wprev_showdate_T1\">6\/08\/2025<\/span> <\/span>\r\n\t\t<\/div>\r\n\t\t<\/div>\r\n\t\t<div class=\"wpairbnb_t1_outer_div w3_wprs-row-padding\">\r\n\t\t\t\t<div class=\"wpairbnb_t1_DIV_1 w3_wprs-col l4\">\r\n\t\t\t<div class=\"wpairbnb_t1_DIV_2 wprev_preview_bg1_T1 wprev_preview_bradius_T1\">\r\n\t\t\t\t<p class=\"wpairbnb_t1_P_3 wprev_preview_tcolor1_T1\">\r\n\t\t\t\t\t<span class=\"wpairbnb_star_imgs_T1\"><img decoding=\"async\" src=\"https:\/\/www.lachapelle.eu\/boutique\/wp-content\/plugins\/wp-airbnb-review-slider\/public\/partials\/imgs\/stars_5_yellow.png\" alt=\"\" class=\"wpairbnb_t1_star_img_file\">&nbsp;&nbsp;<\/span>Super logement. <br \/>\nColette vous accueil d\u00e8s votre arriv\u00e9e, elle est tr\u00e8s r\u00e9active par message et \u00e0 l'\u00e9coute si besoin. <br \/>\nC'est dans un petit hameau, l'endroit est charmant et<a class='wprs_rd_more'>... read more<\/a><span class='wprs_rd_more_text' style='display:none;'> reposant pour se couper du monde (mais il a quand m\u00eame Netflix \ud83d\ude06) <br \/>\nJe recommande vivement !<\/span>\t\t\t\t<\/p>\r\n\t\t\t\t<a href=\"https:\/\/www.airbnb.fr\/rooms\/797901234829540892\" target=\"_blank\" rel=\"nofollow\"><img decoding=\"async\" src=\"https:\/\/www.lachapelle.eu\/boutique\/wp-content\/plugins\/wp-airbnb-review-slider\/public\/partials\/imgs\/airbnb_outline.png\" alt=\"\" class=\"wpairbnb_t1_airbnb_logo\"><\/a>\t\t\t<\/div><span class=\"wpairbnb_t1_A_8\"><img decoding=\"async\" src=\"https:\/\/a0.muscache.com\/im\/pictures\/user\/cda05bd2-fbeb-4591-a41d-59e47f46f636.jpg?aki_policy=profile_x_medium\" alt=\"thumb\" class=\"wpairbnb_t1_IMG_4\" loading=\"lazy\" \/><\/span> <span class=\"wpairbnb_t1_SPAN_5 wprev_preview_tcolor2_T1\">Emma<br\/><span class=\"wprev_showdate_T1\">4\/24\/2025<\/span> <\/span>\r\n\t\t<\/div>\r\n\t\t\t<div class=\"wpairbnb_t1_DIV_1 w3_wprs-col l4\">\r\n\t\t\t<div class=\"wpairbnb_t1_DIV_2 wprev_preview_bg1_T1 wprev_preview_bradius_T1\">\r\n\t\t\t\t<p class=\"wpairbnb_t1_P_3 wprev_preview_tcolor1_T1\">\r\n\t\t\t\t\t<span class=\"wpairbnb_star_imgs_T1\"><img decoding=\"async\" src=\"https:\/\/www.lachapelle.eu\/boutique\/wp-content\/plugins\/wp-airbnb-review-slider\/public\/partials\/imgs\/stars_5_yellow.png\" alt=\"\" class=\"wpairbnb_t1_star_img_file\">&nbsp;&nbsp;<\/span>Notre week-end s\u2019est tr\u00e8s bien pass\u00e9 chez Colette !<br \/>\nLogement au calme avec une literie tr\u00e8s confortable.<br \/>\nVincent\t\t\t\t<\/p>\r\n\t\t\t\t<a href=\"https:\/\/www.airbnb.fr\/rooms\/797901234829540892\" target=\"_blank\" rel=\"nofollow\"><img decoding=\"async\" src=\"https:\/\/www.lachapelle.eu\/boutique\/wp-content\/plugins\/wp-airbnb-review-slider\/public\/partials\/imgs\/airbnb_outline.png\" alt=\"\" class=\"wpairbnb_t1_airbnb_logo\"><\/a>\t\t\t<\/div><span class=\"wpairbnb_t1_A_8\"><img decoding=\"async\" src=\"https:\/\/a0.muscache.com\/im\/pictures\/user\/6555a899-54fc-4519-afdb-a9572398df50.jpg?aki_policy=profile_x_medium\" alt=\"thumb\" class=\"wpairbnb_t1_IMG_4\" loading=\"lazy\" \/><\/span> <span class=\"wpairbnb_t1_SPAN_5 wprev_preview_tcolor2_T1\">Vincent<br\/><span class=\"wprev_showdate_T1\">4\/20\/2025<\/span> <\/span>\r\n\t\t<\/div>\r\n\t\t\t<div class=\"wpairbnb_t1_DIV_1 w3_wprs-col l4\">\r\n\t\t\t<div class=\"wpairbnb_t1_DIV_2 wprev_preview_bg1_T1 wprev_preview_bradius_T1\">\r\n\t\t\t\t<p class=\"wpairbnb_t1_P_3 wprev_preview_tcolor1_T1\">\r\n\t\t\t\t\t<span class=\"wpairbnb_star_imgs_T1\"><img decoding=\"async\" src=\"https:\/\/www.lachapelle.eu\/boutique\/wp-content\/plugins\/wp-airbnb-review-slider\/public\/partials\/imgs\/stars_5_yellow.png\" alt=\"\" class=\"wpairbnb_t1_star_img_file\">&nbsp;&nbsp;<\/span>vous cherchez du calme ?vous le trouverez chez Colette! une belle r\u00e9novation pour cet appartement au premier \u00e9tage beaucoup de lumi\u00e8re  et de beaux volumes .c es \"jeunes h\u00f4tes<a class='wprs_rd_more'>... read more<\/a><span class='wprs_rd_more_text' style='display:none;'> \" ont eu \u00e0 c\u0153ur de proposer un logement de qualit\u00e9 .<\/span>\t\t\t\t<\/p>\r\n\t\t\t\t<a href=\"https:\/\/www.airbnb.fr\/rooms\/797901234829540892\" target=\"_blank\" rel=\"nofollow\"><img decoding=\"async\" src=\"https:\/\/www.lachapelle.eu\/boutique\/wp-content\/plugins\/wp-airbnb-review-slider\/public\/partials\/imgs\/airbnb_outline.png\" alt=\"\" class=\"wpairbnb_t1_airbnb_logo\"><\/a>\t\t\t<\/div><span class=\"wpairbnb_t1_A_8\"><img decoding=\"async\" src=\"https:\/\/a0.muscache.com\/im\/pictures\/user\/User\/original\/4c910bdb-ace9-4867-a136-f36329e92ee9.jpeg?aki_policy=profile_x_medium\" alt=\"thumb\" class=\"wpairbnb_t1_IMG_4\" loading=\"lazy\" \/><\/span> <span class=\"wpairbnb_t1_SPAN_5 wprev_preview_tcolor2_T1\">Maryline<br\/><span class=\"wprev_showdate_T1\">8\/25\/2024<\/span> <\/span>\r\n\t\t<\/div>\r\n\t\t<\/div>\r\n<!-- This file should primarily consist of HTML with a little bit of PHP. -->\r\n<\/li><li style=\"display:none;\">\t\t<div class=\"wpairbnb_t1_outer_div w3_wprs-row-padding\">\r\n\t\t\t\t<div class=\"wpairbnb_t1_DIV_1 w3_wprs-col l4\">\r\n\t\t\t<div class=\"wpairbnb_t1_DIV_2 wprev_preview_bg1_T1 wprev_preview_bradius_T1\">\r\n\t\t\t\t<p class=\"wpairbnb_t1_P_3 wprev_preview_tcolor1_T1\">\r\n\t\t\t\t\t<span class=\"wpairbnb_star_imgs_T1\"><img decoding=\"async\" src=\"https:\/\/www.lachapelle.eu\/boutique\/wp-content\/plugins\/wp-airbnb-review-slider\/public\/partials\/imgs\/stars_5_yellow.png\" alt=\"\" class=\"wpairbnb_t1_star_img_file\">&nbsp;&nbsp;<\/span>tr\u00e8s accueillant et mise en confiance immediate,  logement agr\u00e9able et tout confort,  environnement ext\u00e9rieur magnifique\t\t\t\t<\/p>\r\n\t\t\t\t<a href=\"https:\/\/www.airbnb.fr\/rooms\/797901234829540892\" target=\"_blank\" rel=\"nofollow\"><img decoding=\"async\" src=\"https:\/\/www.lachapelle.eu\/boutique\/wp-content\/plugins\/wp-airbnb-review-slider\/public\/partials\/imgs\/airbnb_outline.png\" alt=\"\" class=\"wpairbnb_t1_airbnb_logo\"><\/a>\t\t\t<\/div><span class=\"wpairbnb_t1_A_8\"><img decoding=\"async\" src=\"https:\/\/a0.muscache.com\/im\/pictures\/user\/User-572605611\/original\/004df220-081f-4426-bc0c-731e08053420.jpeg?aki_policy=profile_x_medium\" alt=\"thumb\" class=\"wpairbnb_t1_IMG_4\" loading=\"lazy\" \/><\/span> <span class=\"wpairbnb_t1_SPAN_5 wprev_preview_tcolor2_T1\">Aurore<br\/><span class=\"wprev_showdate_T1\">8\/22\/2024<\/span> <\/span>\r\n\t\t<\/div>\r\n\t\t\t<div class=\"wpairbnb_t1_DIV_1 w3_wprs-col l4\">\r\n\t\t\t<div class=\"wpairbnb_t1_DIV_2 wprev_preview_bg1_T1 wprev_preview_bradius_T1\">\r\n\t\t\t\t<p class=\"wpairbnb_t1_P_3 wprev_preview_tcolor1_T1\">\r\n\t\t\t\t\t<span class=\"wpairbnb_star_imgs_T1\"><img decoding=\"async\" src=\"https:\/\/www.lachapelle.eu\/boutique\/wp-content\/plugins\/wp-airbnb-review-slider\/public\/partials\/imgs\/stars_5_yellow.png\" alt=\"\" class=\"wpairbnb_t1_star_img_file\">&nbsp;&nbsp;<\/span>charmant studio \u00e0 l'\u00e9tage acc\u00e8s ind\u00e9pendant <br \/>\ngrande pi\u00e8ce tout confort tr\u00e8s au calme hautesse tr\u00e8s accueillante\t\t\t\t<\/p>\r\n\t\t\t\t<a href=\"https:\/\/www.airbnb.fr\/rooms\/797901234829540892\" target=\"_blank\" rel=\"nofollow\"><img decoding=\"async\" src=\"https:\/\/www.lachapelle.eu\/boutique\/wp-content\/plugins\/wp-airbnb-review-slider\/public\/partials\/imgs\/airbnb_outline.png\" alt=\"\" class=\"wpairbnb_t1_airbnb_logo\"><\/a>\t\t\t<\/div><span class=\"wpairbnb_t1_A_8\"><img decoding=\"async\" src=\"https:\/\/a0.muscache.com\/im\/pictures\/user\/8f54ad58-f9f2-451d-abda-5c8c1c6601d6.jpg?aki_policy=profile_x_medium\" alt=\"thumb\" class=\"wpairbnb_t1_IMG_4\" loading=\"lazy\" \/><\/span> <span class=\"wpairbnb_t1_SPAN_5 wprev_preview_tcolor2_T1\">Piotr<br\/><span class=\"wprev_showdate_T1\">8\/20\/2024<\/span> <\/span>\r\n\t\t<\/div>\r\n\t\t\t<div class=\"wpairbnb_t1_DIV_1 w3_wprs-col l4\">\r\n\t\t\t<div class=\"wpairbnb_t1_DIV_2 wprev_preview_bg1_T1 wprev_preview_bradius_T1\">\r\n\t\t\t\t<p class=\"wpairbnb_t1_P_3 wprev_preview_tcolor1_T1\">\r\n\t\t\t\t\t<span class=\"wpairbnb_star_imgs_T1\"><img decoding=\"async\" src=\"https:\/\/www.lachapelle.eu\/boutique\/wp-content\/plugins\/wp-airbnb-review-slider\/public\/partials\/imgs\/stars_5_yellow.png\" alt=\"\" class=\"wpairbnb_t1_star_img_file\">&nbsp;&nbsp;<\/span>tr\u00e8s bel endroit.  Le logement est spacieux et bien \u00e9quip\u00e9. Nous recommandons\t\t\t\t<\/p>\r\n\t\t\t\t<a href=\"https:\/\/www.airbnb.fr\/rooms\/797901234829540892\" target=\"_blank\" rel=\"nofollow\"><img decoding=\"async\" src=\"https:\/\/www.lachapelle.eu\/boutique\/wp-content\/plugins\/wp-airbnb-review-slider\/public\/partials\/imgs\/airbnb_outline.png\" alt=\"\" class=\"wpairbnb_t1_airbnb_logo\"><\/a>\t\t\t<\/div><span class=\"wpairbnb_t1_A_8\"><img decoding=\"async\" src=\"https:\/\/a0.muscache.com\/im\/users\/23616561\/profile_pic\/1421610431\/original.jpg?aki_policy=profile_x_medium\" alt=\"thumb\" class=\"wpairbnb_t1_IMG_4\" loading=\"lazy\" \/><\/span> <span class=\"wpairbnb_t1_SPAN_5 wprev_preview_tcolor2_T1\">Christine<br\/><span class=\"wprev_showdate_T1\">8\/09\/2024<\/span> <\/span>\r\n\t\t<\/div>\r\n\t\t<\/div>\r\n\t\t<div class=\"wpairbnb_t1_outer_div w3_wprs-row-padding\">\r\n\t\t\t\t<div class=\"wpairbnb_t1_DIV_1 w3_wprs-col l4\">\r\n\t\t\t<div class=\"wpairbnb_t1_DIV_2 wprev_preview_bg1_T1 wprev_preview_bradius_T1\">\r\n\t\t\t\t<p class=\"wpairbnb_t1_P_3 wprev_preview_tcolor1_T1\">\r\n\t\t\t\t\t<span class=\"wpairbnb_star_imgs_T1\"><img decoding=\"async\" src=\"https:\/\/www.lachapelle.eu\/boutique\/wp-content\/plugins\/wp-airbnb-review-slider\/public\/partials\/imgs\/stars_5_yellow.png\" alt=\"\" class=\"wpairbnb_t1_star_img_file\">&nbsp;&nbsp;<\/span>Colette est une h\u00f4te tr\u00e8s accueillante. Le logement est super agr\u00e9able, lumineux et spacieux. Je recommande !\t\t\t\t<\/p>\r\n\t\t\t\t<a href=\"https:\/\/www.airbnb.fr\/rooms\/797901234829540892\" target=\"_blank\" rel=\"nofollow\"><img decoding=\"async\" src=\"https:\/\/www.lachapelle.eu\/boutique\/wp-content\/plugins\/wp-airbnb-review-slider\/public\/partials\/imgs\/airbnb_outline.png\" alt=\"\" class=\"wpairbnb_t1_airbnb_logo\"><\/a>\t\t\t<\/div><span class=\"wpairbnb_t1_A_8\"><img decoding=\"async\" src=\"https:\/\/a0.muscache.com\/defaults\/user_pic-225x225.png?v=3\" alt=\"thumb\" class=\"wpairbnb_t1_IMG_4\" loading=\"lazy\" \/><\/span> <span class=\"wpairbnb_t1_SPAN_5 wprev_preview_tcolor2_T1\">Emilie<br\/><span class=\"wprev_showdate_T1\">8\/04\/2024<\/span> <\/span>\r\n\t\t<\/div>\r\n\t\t\t<div class=\"wpairbnb_t1_DIV_1 w3_wprs-col l4\">\r\n\t\t\t<div class=\"wpairbnb_t1_DIV_2 wprev_preview_bg1_T1 wprev_preview_bradius_T1\">\r\n\t\t\t\t<p class=\"wpairbnb_t1_P_3 wprev_preview_tcolor1_T1\">\r\n\t\t\t\t\t<span class=\"wpairbnb_star_imgs_T1\"><img decoding=\"async\" src=\"https:\/\/www.lachapelle.eu\/boutique\/wp-content\/plugins\/wp-airbnb-review-slider\/public\/partials\/imgs\/stars_5_yellow.png\" alt=\"\" class=\"wpairbnb_t1_star_img_file\">&nbsp;&nbsp;<\/span>Je recommande sans h\u00e9sitation cette h\u00f4te et ce logement tr\u00e8s bien situ\u00e9 et au calme\t\t\t\t<\/p>\r\n\t\t\t\t<a href=\"https:\/\/www.airbnb.fr\/rooms\/797901234829540892\" target=\"_blank\" rel=\"nofollow\"><img decoding=\"async\" src=\"https:\/\/www.lachapelle.eu\/boutique\/wp-content\/plugins\/wp-airbnb-review-slider\/public\/partials\/imgs\/airbnb_outline.png\" alt=\"\" class=\"wpairbnb_t1_airbnb_logo\"><\/a>\t\t\t<\/div><span class=\"wpairbnb_t1_A_8\"><img decoding=\"async\" src=\"https:\/\/a0.muscache.com\/im\/pictures\/user\/a205af58-2be8-4111-85cd-3a90f8cb5ec6.jpg?aki_policy=profile_x_medium\" alt=\"thumb\" class=\"wpairbnb_t1_IMG_4\" loading=\"lazy\" \/><\/span> <span class=\"wpairbnb_t1_SPAN_5 wprev_preview_tcolor2_T1\">Martine<br\/><span class=\"wprev_showdate_T1\">7\/29\/2024<\/span> <\/span>\r\n\t\t<\/div>\r\n\t\t\t<div class=\"wpairbnb_t1_DIV_1 w3_wprs-col l4\">\r\n\t\t\t<div class=\"wpairbnb_t1_DIV_2 wprev_preview_bg1_T1 wprev_preview_bradius_T1\">\r\n\t\t\t\t<p class=\"wpairbnb_t1_P_3 wprev_preview_tcolor1_T1\">\r\n\t\t\t\t\t<span class=\"wpairbnb_star_imgs_T1\"><img decoding=\"async\" src=\"https:\/\/www.lachapelle.eu\/boutique\/wp-content\/plugins\/wp-airbnb-review-slider\/public\/partials\/imgs\/stars_5_yellow.png\" alt=\"\" class=\"wpairbnb_t1_star_img_file\">&nbsp;&nbsp;<\/span>.\t\t\t\t<\/p>\r\n\t\t\t\t<a href=\"https:\/\/www.airbnb.fr\/rooms\/797901234829540892\" target=\"_blank\" rel=\"nofollow\"><img decoding=\"async\" src=\"https:\/\/www.lachapelle.eu\/boutique\/wp-content\/plugins\/wp-airbnb-review-slider\/public\/partials\/imgs\/airbnb_outline.png\" alt=\"\" class=\"wpairbnb_t1_airbnb_logo\"><\/a>\t\t\t<\/div><span class=\"wpairbnb_t1_A_8\"><img decoding=\"async\" src=\"https:\/\/a0.muscache.com\/defaults\/user_pic-225x225.png?v=3\" alt=\"thumb\" class=\"wpairbnb_t1_IMG_4\" loading=\"lazy\" \/><\/span> <span class=\"wpairbnb_t1_SPAN_5 wprev_preview_tcolor2_T1\">Elodie<br\/><span class=\"wprev_showdate_T1\">7\/28\/2024<\/span> <\/span>\r\n\t\t<\/div>\r\n\t\t<\/div>\r\n<!-- This file should primarily consist of HTML with a little bit of PHP. -->\r\n<\/li><\/ul><\/div>\r\n\n\n\n\n\n\n\n\n\n\n\n\n\t\t<div id=\"respond\" class=\"comment-respond wp-block-post-comments-form\">\n\t\t\t<h3 id=\"reply-title\" class=\"comment-reply-title\">Laisser un commentaire<small><a rel=\"nofollow\" id=\"cancel-comment-reply-link\" href=\"\/boutique\/wp-json\/wp\/v2\/pages\/454#respond\" style=\"display:none;\">Annuler la r\u00e9ponse.<\/a><\/small><\/h3>\t\t\t<form id=\"commentform\" class=\"comment-form\">\n\t\t\t\t<iframe\n\t\t\t\t\ttitle=\"Formulaire de commentaire\"\n\t\t\t\t\tsrc=\"https:\/\/jetpack.wordpress.com\/jetpack-comment\/?blogid=204871178&#038;postid=454&#038;comment_registration=0&#038;require_name_email=1&#038;stc_enabled=0&#038;stb_enabled=0&#038;show_avatars=1&#038;avatar_default=wp_user_avatar&#038;greeting=Laisser+un+commentaire&#038;jetpack_comments_nonce=24db013217&#038;greeting_reply=R%C3%A9pondre+%C3%A0+%25s&#038;color_scheme=light&#038;lang=fr_FR&#038;jetpack_version=15.7&#038;iframe_unique_id=2&#038;show_cookie_consent=10&#038;has_cookie_consent=0&#038;is_current_user_subscribed=0&#038;token_key=%3Bnormal%3B&#038;sig=00c27955bf45f025ea105254998011e69581fb79#parent=https%3A%2F%2Fwww.lachapelle.eu%2Fboutique%2Fwp-json%2Fwp%2Fv2%2Fpages%2F454\"\n\t\t\t\t\t\t\t\t\t\t\tname=\"jetpack_remote_comment\"\n\t\t\t\t\t\tstyle=\"width:100%; height: 430px; border:0;\"\n\t\t\t\t\t\t\t\t\t\tclass=\"jetpack_remote_comment\"\n\t\t\t\t\tid=\"jetpack_remote_comment\"\n\t\t\t\t\tsandbox=\"allow-same-origin allow-top-navigation allow-scripts allow-forms allow-popups\"\n\t\t\t\t>\n\t\t\t\t\t\t\t\t\t<\/iframe>\n\t\t\t\t\t\t\t\t\t<!--[if !IE]><!-->\n\t\t\t\t\t<script>\n\t\t\t\t\t\tdocument.addEventListener('DOMContentLoaded', function () {\n\t\t\t\t\t\t\tvar commentForms = document.getElementsByClassName('jetpack_remote_comment');\n\t\t\t\t\t\t\tfor (var i = 0; i < commentForms.length; i++) {\n\t\t\t\t\t\t\t\tcommentForms[i].allowTransparency = false;\n\t\t\t\t\t\t\t\tcommentForms[i].scrolling = 'no';\n\t\t\t\t\t\t\t}\n\t\t\t\t\t\t});\n\t\t\t\t\t<\/script>\n\t\t\t\t\t<!--<![endif]-->\n\t\t\t\t\t\t\t<\/form>\n\t\t<\/div>\n\n\t\t\n\t\t<input type=\"hidden\" name=\"comment_parent\" id=\"comment_parent\" value=\"\" \/>\n\n\t\t\n\n<div class=\"wp-block-image\">\n<figure class=\"aligncenter size-full is-resized\"><a href=\"https:\/\/g.page\/r\/CU1eYLi0EPOFEBM\/review\"><img loading=\"lazy\" decoding=\"async\" width=\"300\" height=\"225\" src=\"https:\/\/www.lachapelle.eu\/boutique\/wp-content\/uploads\/2023\/09\/AVIS-GOOGLE-300x225-1.png\" alt=\"\" class=\"wp-image-403\" style=\"width:180px;height:auto\" srcset=\"https:\/\/www.lachapelle.eu\/boutique\/wp-content\/uploads\/2023\/09\/AVIS-GOOGLE-300x225-1.png 300w, https:\/\/www.lachapelle.eu\/boutique\/wp-content\/uploads\/2023\/09\/AVIS-GOOGLE-300x225-1-80x60.png 80w\" sizes=\"auto, (max-width: 300px) 100vw, 300px\" \/><\/a><\/figure>\n<\/div>\n\n<div class=\"wp-block-image\">\n<figure class=\"aligncenter size-full is-resized\"><img loading=\"lazy\" decoding=\"async\" width=\"200\" height=\"200\" src=\"https:\/\/www.lachapelle.eu\/boutique\/wp-content\/uploads\/2025\/03\/revolut_pay.png\" alt=\"\" class=\"wp-image-4123\" style=\"width:111px;height:auto\" srcset=\"https:\/\/www.lachapelle.eu\/boutique\/wp-content\/uploads\/2025\/03\/revolut_pay.png 200w, https:\/\/www.lachapelle.eu\/boutique\/wp-content\/uploads\/2025\/03\/revolut_pay-150x150.png 150w, https:\/\/www.lachapelle.eu\/boutique\/wp-content\/uploads\/2025\/03\/revolut_pay-60x60.png 60w\" sizes=\"auto, (max-width: 200px) 100vw, 200px\" \/><\/figure>\n<\/div>","protected":false},"excerpt":{"rendered":"<p>Vous pouvez cliquer sur le CB pour entrer votre paiement directement ou choisir les options si dessous.<\/p>\n","protected":false},"author":1,"featured_media":0,"parent":0,"menu_order":0,"comment_status":"open","ping_status":"closed","template":"","meta":{"content-type":"","footnotes":""},"class_list":["post-454","page","type-page","status-publish","hentry","latest_post"],"jetpack_sharing_enabled":false,"_links":{"self":[{"href":"https:\/\/www.lachapelle.eu\/boutique\/wp-json\/wp\/v2\/pages\/454","targetHints":{"allow":["GET"]}}],"collection":[{"href":"https:\/\/www.lachapelle.eu\/boutique\/wp-json\/wp\/v2\/pages"}],"about":[{"href":"https:\/\/www.lachapelle.eu\/boutique\/wp-json\/wp\/v2\/types\/page"}],"author":[{"embeddable":true,"href":"https:\/\/www.lachapelle.eu\/boutique\/wp-json\/wp\/v2\/users\/1"}],"replies":[{"embeddable":true,"href":"https:\/\/www.lachapelle.eu\/boutique\/wp-json\/wp\/v2\/comments?post=454"}],"version-history":[{"count":24,"href":"https:\/\/www.lachapelle.eu\/boutique\/wp-json\/wp\/v2\/pages\/454\/revisions"}],"predecessor-version":[{"id":4126,"href":"https:\/\/www.lachapelle.eu\/boutique\/wp-json\/wp\/v2\/pages\/454\/revisions\/4126"}],"wp:attachment":[{"href":"https:\/\/www.lachapelle.eu\/boutique\/wp-json\/wp\/v2\/media?parent=454"}],"curies":[{"name":"wp","href":"https:\/\/api.w.org\/{rel}","templated":true}]}}