{"id":2534,"date":"2024-07-23T18:21:03","date_gmt":"2024-07-23T16:21:03","guid":{"rendered":"https:\/\/www.lachapelle.eu\/boutique\/?page_id=2534"},"modified":"2025-04-13T17:27:10","modified_gmt":"2025-04-13T15:27:10","slug":"disponibilites-location-on-google-map","status":"publish","type":"page","link":"https:\/\/www.lachapelle.eu\/boutique\/disponibilites-location-on-google-map\/","title":{"rendered":"Disponibilit\u00e9s sur Google Map !\ud83e\udded \ud83d\uddfa\ufe0f"},"content":{"rendered":"\n<p class=\"has-large-font-size\"><strong>Location de chambre meubl\u00e9e !<\/strong>\u2600\ufe0f<\/p>\n\n\n\n<figure class=\"wp-block-gallery has-nested-images columns-4 is-cropped wp-block-gallery-1 is-layout-flex wp-block-gallery-is-layout-flex\">\n<figure class=\"wp-block-image size-thumbnail\"><img loading=\"lazy\" decoding=\"async\" width=\"150\" height=\"150\" data-id=\"70\" src=\"https:\/\/www.lachapelle.eu\/boutique\/wp-content\/uploads\/2023\/08\/IMG_20211216_142527-150x150.jpg\" alt=\"\" class=\"wp-image-70\"\/><\/figure>\n\n\n\n<figure class=\"wp-block-image size-thumbnail\"><img loading=\"lazy\" decoding=\"async\" width=\"150\" height=\"150\" data-id=\"480\" src=\"https:\/\/www.lachapelle.eu\/boutique\/wp-content\/uploads\/2022\/09\/IMG_20220403_130443-150x150.jpg\" alt=\"\" class=\"wp-image-480\"\/><\/figure>\n\n\n\n<figure class=\"wp-block-image size-thumbnail\"><img loading=\"lazy\" decoding=\"async\" width=\"150\" height=\"150\" data-id=\"73\" src=\"https:\/\/www.lachapelle.eu\/boutique\/wp-content\/uploads\/2023\/08\/IMG_20211216_142707-150x150.jpg\" alt=\"\" class=\"wp-image-73\"\/><\/figure>\n\n\n\n<figure class=\"wp-block-image size-thumbnail\"><img loading=\"lazy\" decoding=\"async\" width=\"150\" height=\"150\" data-id=\"477\" src=\"https:\/\/www.lachapelle.eu\/boutique\/wp-content\/uploads\/2022\/09\/IMG_20220403_130150-150x150.jpg\" alt=\"\" class=\"wp-image-477\"\/><\/figure>\n<\/figure>\n\n\n\n<p>Chambre priv\u00e9e dans : g\u00eete \u00e0 la ferme! 2 voyageurs \u00b7 1 chambre \u00b7 1 lit \u00b7 1 salle de bain priv\u00e9e Chambre pr\u00e8s de La Chapelle, dans une ancienne ferme r\u00e9nov\u00e9e, \u00e0 Gausson ! Calme &amp; tranquillit\u00e9. Par beau temps, possibilit\u00e9 de manger \u00e0 l\u2019ext\u00e9rieur. Petite \u00e9picerie (\u00e9galement boulangerie, bar &amp; caf\u00e9) au bourg \u00e0 1.5 km. Si une petite balade \u00e0 v\u00e9lo vous tente, nous vous pr\u00eatons volontiers les n\u00f4tres.<\/p>\n\n\n<div class=\"mphb_sc_search-wrapper \">\n<form method=\"GET\" class=\"mphb_sc_search-form\" action=\"https:\/\/www.lachapelle.eu\/boutique\/resultats-de-la-recherche\/\" data-first_available_check_in_date=\"2026-04-14\">\n\n\t<p class = \"mphb-required-fields-tip\">\n\t<small>\n\t\tLes champs obligatoires sont suivis de\t\t<abbr title=\"required\">*<\/abbr>\n\t<\/small>\n<\/p>\n\n\t<p class=\"mphb_sc_search-check-in-date\">\n\t\t<label for=\"mphb_check_in_date-mphb-search-form-69dec0c619555\">\n\t\t\tArriv\u00e9e\t\t\t<abbr title=\"Format\u00e9 comme dd\/mm\/yyyy\">*<\/abbr>\n\t\t<\/label>\n\t\t<br \/>\n\t\t<input\n\t\t\tid=\"mphb_check_in_date-mphb-search-form-69dec0c619555\"\n\t\t\tdata-datepick-group=\"mphb-search-form-69dec0c619555\"\n\t\t\tvalue=\"\"\n\t\t\tplaceholder=\"Date d&#039;arriv\u00e9e\"\n\t\t\trequired=\"required\"\n\t\t\ttype=\"text\"\n\t\t\tinputmode=\"none\"\n\t\t\tname=\"mphb_check_in_date\"\n\t\t\tclass=\"mphb-datepick\"\n\t\t\tautocomplete=\"off\"\n\t\t\t\/>\n\t<\/p>\n\n\t<p class=\"mphb_sc_search-check-out-date\">\n\t\t<label for=\"mphb_check_out_date-mphb-search-form-69dec0c619555\">\n\t\t\tD\u00e9part\t\t\t<abbr title=\"Format\u00e9 comme dd\/mm\/yyyy\">*<\/abbr>\n\t\t<\/label>\n\t\t<br \/>\n\t\t<input\n\t\t\tid=\"mphb_check_out_date-mphb-search-form-69dec0c619555\"\n\t\t\tdata-datepick-group=\"mphb-search-form-69dec0c619555\"\n\t\t\tvalue=\"\"\n\t\t\tplaceholder=\"Date de d\u00e9part\"\n\t\t\trequired=\"required\"\n\t\t\ttype=\"text\"\n\t\t\tinputmode=\"none\"\n\t\t\tname=\"mphb_check_out_date\"\n\t\t\tclass=\"mphb-datepick\"\n\t\t\tautocomplete=\"off\"\n\t\t\t\/>\n\t<\/p>\n\n\t\t\t<input type=\"hidden\" id=\"mphb_adults-mphb-search-form-69dec0c619555\" name=\"mphb_adults\" value=\"1\" \/>\n\t\n\t\t\t<input type=\"hidden\" id=\"mphb_children-mphb-search-form-69dec0c619555\" name=\"mphb_children\" value=\"0\" \/>\n\t\n\t\n\t\n\t<input id=\"mphb_check_in_date-mphb-search-form-69dec0c619555-hidden\" value=\"\" type=\"hidden\" name=\"mphb_check_in_date\" \/><input id=\"mphb_check_out_date-mphb-search-form-69dec0c619555-hidden\" value=\"\" type=\"hidden\" name=\"mphb_check_out_date\" \/>\n\t<p class=\"mphb_sc_search-submit-button-wrapper\">\n\t\t<input type=\"submit\" class=\"button\" value=\"Chercher\"\/>\n\t<\/p>\n\n\t\n<\/form>\n<\/div>\n\n<div class=\"mphb_sc_availability_calendar-wrapper\">\t<div class=\"mphb-calendar mphb-datepick inlinePicker \" data-room-type-id=\"318\" data-monthstoshow=\"1,6\" data-is_show_prices=\"1\" data-is_truncate_prices=\"1\" data-is_show_prices_currency=\"1\" data-first_available_check_in_date=\"2026-04-14\"><\/div>\n\t<\/div>\n\n<div class=\"mphb_sc_rooms-wrapper mphb-room-types \">\n<div class=\"mphb-room-type post-322 mphb_room_type type-mphb_room_type status-publish has-post-thumbnail latest_post mphb-room-type-adults-4 mphb-room-type-children-4 \">\n\n\t\n\t\n\n\t<p class=\"post-thumbnail mphb-loop-room-thumbnail\">\n\t<a href=\"https:\/\/www.lachapelle.eu\/boutique\/accommodation\/emplacements-pour-camping-cars\/\">\n\t<img loading=\"lazy\" decoding=\"async\" width=\"200\" height=\"200\" src=\"https:\/\/www.lachapelle.eu\/boutique\/wp-content\/uploads\/2022\/09\/image-car_1.png\" class=\"attachment-post-thumbnail size-post-thumbnail wp-post-image\" alt=\"\" srcset=\"https:\/\/www.lachapelle.eu\/boutique\/wp-content\/uploads\/2022\/09\/image-car_1.png 200w, https:\/\/www.lachapelle.eu\/boutique\/wp-content\/uploads\/2022\/09\/image-car_1-150x150.png 150w, https:\/\/www.lachapelle.eu\/boutique\/wp-content\/uploads\/2022\/09\/image-car_1-60x60.png 60w\" sizes=\"auto, (max-width: 200px) 100vw, 200px\" \/>\t<\/a>\n\n\t<\/p>\n\n<h2 class=\"mphb-room-type-title entry-title\">\n\n<a class=\"mphb-room-type-title\" href=\"https:\/\/www.lachapelle.eu\/boutique\/accommodation\/emplacements-pour-camping-cars\/\">Emplacements pour camping-cars ! \u2600\ufe0f<\/a>\n\n<\/h2>\n\n<p>Nous proposons 3 emplacements pour les Camping-cars relies \u00e0 l\u2019eau, \u00e0 l\u2019\u00e9lectricit\u00e9 et au wifi, ainsi que l\u2019utilisation d\u2019un point lavabo + WC + machine \u00e0 laver. Cadre verdoyant, et &hellip; <\/p>\n\n\n<h3 class=\"mphb-room-type-details-title\">D\u00e9tails<\/h3><ul class=\"mphb-loop-room-type-attributes\">\n\t<li class=\"mphb-room-type-total-capacity\"><span class=\"mphb-attribute-title mphb-total-capacity-title\">Invit\u00e9s:<\/span><span class=\"mphb-attribute-value\">\n\t6\n\t<\/span><\/li>\t\n\n\n\n\n\n\n\n\t<li class=\"mphb-room-type-size\"><span class=\"mphb-attribute-title mphb-size-title\">Taille :<\/span><span class=\"mphb-attribute-value\">\n\t50m\u00b2\n\t<\/span><\/li>\n\t\n\n\n\n<\/ul>\n\n\t<p class=\"mphb-regular-price\"><strong>Prix \u00e0 partir de:<\/strong>\n\t<span class=\"mphb-price\"><span class=\"mphb-currency\">&euro;<\/span>10<\/span> <span class=\"mphb-price-period\" title=\"Choisissez les dates pour voir les prix pertinents\">par nuit<\/span>\n\t<\/p>\n\t\n<p class=\"mphb-view-details-button-wrapper\">\n<a class=\"button mphb-view-details-button\" href=\"https:\/\/www.lachapelle.eu\/boutique\/accommodation\/emplacements-pour-camping-cars\/\" >Voir les d\u00e9tails<\/a>\n<\/p>\n<div class=\"mphb-to-book-btn-wrapper\">\n<form action=\"https:\/\/www.lachapelle.eu\/boutique\/accommodation\/emplacements-pour-camping-cars\/#booking-form-322\" method=\"get\" ><button type=\"submit\" class=\"button mphb-book-button\" >R\u00e9server<\/button><\/form>\n<br\/><\/div>\n\t\n<\/div>\n\n<div class=\"mphb-room-type post-320 mphb_room_type type-mphb_room_type status-publish has-post-thumbnail latest_post mphb-room-type-adults-2 mphb-room-type-children-0 \">\n\n\t\n\t\n\n\t<p class=\"post-thumbnail mphb-loop-room-thumbnail\">\n\t<a href=\"https:\/\/www.lachapelle.eu\/boutique\/accommodation\/location-dun-studio-meuble\/\">\n\t<img loading=\"lazy\" decoding=\"async\" width=\"250\" height=\"366\" src=\"https:\/\/www.lachapelle.eu\/boutique\/wp-content\/uploads\/2022\/09\/studio_1-1.png\" class=\"attachment-post-thumbnail size-post-thumbnail wp-post-image\" alt=\"\" srcset=\"https:\/\/www.lachapelle.eu\/boutique\/wp-content\/uploads\/2022\/09\/studio_1-1.png 250w, https:\/\/www.lachapelle.eu\/boutique\/wp-content\/uploads\/2022\/09\/studio_1-1-205x300.png 205w, https:\/\/www.lachapelle.eu\/boutique\/wp-content\/uploads\/2022\/09\/studio_1-1-41x60.png 41w\" sizes=\"auto, (max-width: 250px) 100vw, 250px\" \/>\t<\/a>\n\n\t<\/p>\n\n<h2 class=\"mphb-room-type-title entry-title\">\n\n<a class=\"mphb-room-type-title\" href=\"https:\/\/www.lachapelle.eu\/boutique\/accommodation\/location-dun-studio-meuble\/\">Studio \u00e0 louer \u00e0 La Chapelle ! \u2600\ufe0f<\/a>\n\n<\/h2>\n\n<p>Studio calme &amp; tranquille au 1er \u00e9tage d\u2019une ancienne ferme. La pi\u00e8ce de vie contient un coin repos &amp; coin repas ; sa vue donne sur la Chapelle. La kitchenette &hellip; <\/p>\n\n\n<h3 class=\"mphb-room-type-details-title\">D\u00e9tails<\/h3><ul class=\"mphb-loop-room-type-attributes\">\n\n\n\t<li class=\"mphb-room-type-adults-capacity\"><span class=\"mphb-attribute-title mphb-adults-title\">Adultes :<\/span><span class=\"mphb-attribute-value\">\n\t2\n\t<\/span><\/li>\n\t\n\n\n\n\n\n\n\t<li class=\"mphb-room-type-size\"><span class=\"mphb-attribute-title mphb-size-title\">Taille :<\/span><span class=\"mphb-attribute-value\">\n\t25m\u00b2\n\t<\/span><\/li>\n\t\n\n\t<li class=\"mphb-room-type-bed-type\"><span  class=\"mphb-attribute-title mphb-bed-type-title\">Type de lit :<\/span><span class=\"mphb-attribute-value\">\n\t2 personnes, les dimensions standard de 160 x 190 cm.\n\t<\/span><\/li>\n\t\n\n<\/ul>\n\n\t<p class=\"mphb-regular-price\"><strong>Prix \u00e0 partir de:<\/strong>\n\t<span class=\"mphb-price\"><span class=\"mphb-currency\">&euro;<\/span>45<\/span> <span class=\"mphb-price-period\" title=\"Choisissez les dates pour voir les prix pertinents\">par nuit<\/span>\n\t<\/p>\n\t\n<p class=\"mphb-view-details-button-wrapper\">\n<a class=\"button mphb-view-details-button\" href=\"https:\/\/www.lachapelle.eu\/boutique\/accommodation\/location-dun-studio-meuble\/\" >Voir les d\u00e9tails<\/a>\n<\/p>\n<div class=\"mphb-to-book-btn-wrapper\">\n<form action=\"https:\/\/www.lachapelle.eu\/boutique\/accommodation\/location-dun-studio-meuble\/#booking-form-320\" method=\"get\" ><button type=\"submit\" class=\"button mphb-book-button\" >R\u00e9server<\/button><\/form>\n<br\/><\/div>\n\t\n<\/div>\n\n<div class=\"mphb-room-type post-318 mphb_room_type type-mphb_room_type status-publish has-post-thumbnail latest_post mphb-room-type-adults-2 mphb-room-type-children-0 \">\n\n\t\n\t\n\n\t<p class=\"post-thumbnail mphb-loop-room-thumbnail\">\n\t<a href=\"https:\/\/www.lachapelle.eu\/boutique\/accommodation\/chambre-double-avec-salle-de-bain\/\">\n\t<img loading=\"lazy\" decoding=\"async\" width=\"250\" height=\"366\" src=\"https:\/\/www.lachapelle.eu\/boutique\/wp-content\/uploads\/2022\/09\/chambre_1.png\" class=\"attachment-post-thumbnail size-post-thumbnail wp-post-image\" alt=\"\" srcset=\"https:\/\/www.lachapelle.eu\/boutique\/wp-content\/uploads\/2022\/09\/chambre_1.png 250w, https:\/\/www.lachapelle.eu\/boutique\/wp-content\/uploads\/2022\/09\/chambre_1-205x300.png 205w, https:\/\/www.lachapelle.eu\/boutique\/wp-content\/uploads\/2022\/09\/chambre_1-41x60.png 41w\" sizes=\"auto, (max-width: 250px) 100vw, 250px\" \/>\t<\/a>\n\n\t<\/p>\n\n<h2 class=\"mphb-room-type-title entry-title\">\n\n<a class=\"mphb-room-type-title\" href=\"https:\/\/www.lachapelle.eu\/boutique\/accommodation\/chambre-double-avec-salle-de-bain\/\">Chambre double avec salle de bain ! \u2600\ufe0f<\/a>\n\n<\/h2>\n\n<p>Chambre confortable situ\u00e9e chez l&rsquo;habitant, offrant une entr\u00e9e priv\u00e9e ind\u00e9pendante pour plus d&rsquo;intimit\u00e9 et de commodit\u00e9. Id\u00e9ale pour un s\u00e9jour calme et autonome. G\u00eete \u00e0 la ferme ! 2 voyageurs &hellip; <\/p>\n\n\n<h3 class=\"mphb-room-type-details-title\">D\u00e9tails<\/h3><ul class=\"mphb-loop-room-type-attributes\">\n\n\n\t<li class=\"mphb-room-type-adults-capacity\"><span class=\"mphb-attribute-title mphb-adults-title\">Adultes :<\/span><span class=\"mphb-attribute-value\">\n\t2\n\t<\/span><\/li>\n\t\n\n\n\n\n\n\n\t<li class=\"mphb-room-type-size\"><span class=\"mphb-attribute-title mphb-size-title\">Taille :<\/span><span class=\"mphb-attribute-value\">\n\t18m\u00b2\n\t<\/span><\/li>\n\t\n\n\t<li class=\"mphb-room-type-bed-type\"><span  class=\"mphb-attribute-title mphb-bed-type-title\">Type de lit :<\/span><span class=\"mphb-attribute-value\">\n\t2 personnes, les dimensions standard de 160 x 200 cm.\n\t<\/span><\/li>\n\t\n\n<\/ul>\n\n\t<p class=\"mphb-regular-price\"><strong>Prix \u00e0 partir de:<\/strong>\n\t<span class=\"mphb-price\"><span class=\"mphb-currency\">&euro;<\/span>38<\/span> <span class=\"mphb-price-period\" title=\"Choisissez les dates pour voir les prix pertinents\">par nuit<\/span>\n\t<\/p>\n\t\n<p class=\"mphb-view-details-button-wrapper\">\n<a class=\"button mphb-view-details-button\" href=\"https:\/\/www.lachapelle.eu\/boutique\/accommodation\/chambre-double-avec-salle-de-bain\/\" >Voir les d\u00e9tails<\/a>\n<\/p>\n<div class=\"mphb-to-book-btn-wrapper\">\n<form action=\"https:\/\/www.lachapelle.eu\/boutique\/accommodation\/chambre-double-avec-salle-de-bain\/#booking-form-318\" method=\"get\" ><button type=\"submit\" class=\"button mphb-book-button\" >R\u00e9server<\/button><\/form>\n<br\/><\/div>\n\t\n<\/div>\n<\/div>\n\n\n<p class=\"has-large-font-size\"><\/p>\n","protected":false},"excerpt":{"rendered":"<p>Location de chambre meubl\u00e9e !\u2600\ufe0f Chambre priv\u00e9e dans : g\u00eete \u00e0 la ferme! 2 voyageurs \u00b7 1 chambre \u00b7 1 lit \u00b7 1 salle de bain priv\u00e9e Chambre pr\u00e8s de &hellip; <\/p>\n","protected":false},"author":1,"featured_media":0,"parent":0,"menu_order":0,"comment_status":"closed","ping_status":"closed","template":"","meta":{"content-type":"","footnotes":""},"class_list":["post-2534","page","type-page","status-publish","hentry","latest_post"],"jetpack_sharing_enabled":true,"_links":{"self":[{"href":"https:\/\/www.lachapelle.eu\/boutique\/wp-json\/wp\/v2\/pages\/2534","targetHints":{"allow":["GET"]}}],"collection":[{"href":"https:\/\/www.lachapelle.eu\/boutique\/wp-json\/wp\/v2\/pages"}],"about":[{"href":"https:\/\/www.lachapelle.eu\/boutique\/wp-json\/wp\/v2\/types\/page"}],"author":[{"embeddable":true,"href":"https:\/\/www.lachapelle.eu\/boutique\/wp-json\/wp\/v2\/users\/1"}],"replies":[{"embeddable":true,"href":"https:\/\/www.lachapelle.eu\/boutique\/wp-json\/wp\/v2\/comments?post=2534"}],"version-history":[{"count":26,"href":"https:\/\/www.lachapelle.eu\/boutique\/wp-json\/wp\/v2\/pages\/2534\/revisions"}],"predecessor-version":[{"id":4269,"href":"https:\/\/www.lachapelle.eu\/boutique\/wp-json\/wp\/v2\/pages\/2534\/revisions\/4269"}],"wp:attachment":[{"href":"https:\/\/www.lachapelle.eu\/boutique\/wp-json\/wp\/v2\/media?parent=2534"}],"curies":[{"name":"wp","href":"https:\/\/api.w.org\/{rel}","templated":true}]}}